{"id":3283,"date":"2026-02-01T17:56:07","date_gmt":"2026-02-01T17:56:07","guid":{"rendered":"https:\/\/castiadasturismo.com\/agroturismos-con-alojamiento\/"},"modified":"2026-03-12T15:23:18","modified_gmt":"2026-03-12T15:23:18","slug":"agroturismos-con-alojamiento","status":"publish","type":"page","link":"https:\/\/castiadasturismo.com\/es\/agroturismos-con-alojamiento\/","title":{"rendered":"Agroturismos con alojamiento"},"content":{"rendered":"\t\t<div data-elementor-type=\"wp-page\" data-elementor-id=\"3283\" class=\"elementor elementor-3283 elementor-1950\" data-elementor-post-type=\"page\">\n\t\t\t\t<div class=\"elementor-element elementor-element-e0f957d e-flex e-con-boxed e-con e-parent\" data-id=\"e0f957d\" data-element_type=\"container\">\n\t\t\t\t\t<div class=\"e-con-inner\">\n\t\t\t\t<div class=\"elementor-element elementor-element-ba36b98 elementor-widget elementor-widget-text-editor\" data-id=\"ba36b98\" data-element_type=\"widget\" data-settings=\"{&quot;wdt_animation_effect&quot;:&quot;none&quot;}\" data-widget_type=\"text-editor.default\">\n\t\t\t\t\t\t\t\t\t<p>El movimiento tur\u00edstico hacia Cerde\u00f1a comenz\u00f3 a desarrollarse en los a\u00f1os 50, cuando se construyeron las primeras estructuras de alojamiento en algunas localidades costeras, pero el verdadero auge tur\u00edstico se produjo diez a\u00f1os despu\u00e9s, cambiando incluso la mentalidad de los sardos, que estaban m\u00e1s vinculados a la tierra que al mar.<\/p><p>Las estructuras de alojamiento presentes son de reciente construcci\u00f3n, pero bastante respetuosas con el medio ambiente circundante; Castiadas representa uno de los territorios con gran potencial tur\u00edstico para el futuro y es capaz hoy en d\u00eda de ofrecer a los entusiastas tanto del mar como de la tierra unas vacaciones de relax a trav\u00e9s de instalaciones modernas y a la vanguardia.<\/p><p>La capacidad de alojamiento permite satisfacer cualquier petici\u00f3n, incluso la del turista m\u00e1s exigente, con hoteles de alto nivel, campings, agroturismos y casas de vacaciones.<\/p>\t\t\t\t\t\t\t\t<\/div>\n\t\t\t\t\t<\/div>\n\t\t\t\t<\/div>\n\t\t<div class=\"elementor-element elementor-element-61bb0a5 e-flex e-con-boxed e-con e-parent\" data-id=\"61bb0a5\" data-element_type=\"container\">\n\t\t\t\t\t<div class=\"e-con-inner\">\n\t\t\t\t<div class=\"elementor-element elementor-element-af8e31c elementor-grid-3 elementor-grid-tablet-2 elementor-grid-mobile-1 elementor-widget elementor-widget-loop-grid\" data-id=\"af8e31c\" data-element_type=\"widget\" data-settings=\"{&quot;template_id&quot;:3783,&quot;columns&quot;:3,&quot;masonry&quot;:&quot;yes&quot;,&quot;_skin&quot;:&quot;post&quot;,&quot;columns_tablet&quot;:&quot;2&quot;,&quot;columns_mobile&quot;:&quot;1&quot;,&quot;edit_handle_selector&quot;:&quot;[data-elementor-type=\\&quot;loop-item\\&quot;]&quot;,&quot;row_gap&quot;:{&quot;unit&quot;:&quot;px&quot;,&quot;size&quot;:&quot;&quot;,&quot;sizes&quot;:[]},&quot;row_gap_laptop&quot;:{&quot;unit&quot;:&quot;px&quot;,&quot;size&quot;:&quot;&quot;,&quot;sizes&quot;:[]},&quot;row_gap_tablet_extra&quot;:{&quot;unit&quot;:&quot;px&quot;,&quot;size&quot;:&quot;&quot;,&quot;sizes&quot;:[]},&quot;row_gap_tablet&quot;:{&quot;unit&quot;:&quot;px&quot;,&quot;size&quot;:&quot;&quot;,&quot;sizes&quot;:[]},&quot;row_gap_mobile_extra&quot;:{&quot;unit&quot;:&quot;px&quot;,&quot;size&quot;:&quot;&quot;,&quot;sizes&quot;:[]},&quot;row_gap_mobile&quot;:{&quot;unit&quot;:&quot;px&quot;,&quot;size&quot;:&quot;&quot;,&quot;sizes&quot;:[]},&quot;wdt_animation_effect&quot;:&quot;none&quot;}\" data-widget_type=\"loop-grid.post\">\n\t\t\t\t<div class=\"elementor-widget-container\">\n\t\t\t\t\t\t\t<div class=\"elementor-loop-container elementor-grid\" role=\"list\">\n\t\t<style id=\"loop-3783\">.elementor-3783 .elementor-element.elementor-element-f06f580{--display:flex;--min-height:500px;--flex-direction:column;--container-widget-width:100%;--container-widget-height:initial;--container-widget-flex-grow:0;--container-widget-align-self:initial;--flex-wrap-mobile:wrap;--gap:0px 0px;--row-gap:0px;--column-gap:0px;--margin-top:2px;--margin-bottom:2px;--margin-left:2px;--margin-right:2px;--padding-top:0px;--padding-bottom:0px;--padding-left:0px;--padding-right:0px;}.elementor-widget-theme-post-featured-image .widget-image-caption{color:var( --e-global-color-text );font-family:var( --e-global-typography-text-font-family ), Sans-serif;font-weight:var( --e-global-typography-text-font-weight );}.elementor-3783 .elementor-element.elementor-element-f2d911b{width:100%;max-width:100%;background-color:#000000;}.elementor-3783 .elementor-element.elementor-element-f2d911b img{width:100%;max-width:100%;height:500px;object-fit:cover;object-position:center center;opacity:1;transition-duration:1s;}.elementor-3783 .elementor-element.elementor-element-f2d911b:hover img{opacity:0.5;}.elementor-widget-theme-post-title .elementor-heading-title{font-family:var( --e-global-typography-primary-font-family ), Sans-serif;font-weight:var( --e-global-typography-primary-font-weight );color:var( --e-global-color-primary );}.elementor-3783 .elementor-element.elementor-element-1f0ac7e{width:auto;max-width:auto;background-color:#FCCC24;margin:-136px 0px calc(var(--kit-widget-spacing, 0px) + 0px) 0px;padding:30px 30px 30px 30px;text-align:center;}.elementor-3783 .elementor-element.elementor-element-1f0ac7e:not( .elementor-widget-image ), .elementor-3783 .elementor-element.elementor-element-1f0ac7e.elementor-widget-image img{-webkit-mask-image:url( https:\/\/castiadasturismo.com\/wp-content\/uploads\/2026\/02\/button-path.svg );-webkit-mask-size:92%;-webkit-mask-position:center center;-webkit-mask-repeat:no-repeat;}.elementor-3783 .elementor-element.elementor-element-1f0ac7e .elementor-heading-title{font-family:\"Palanquin Dark\", Sans-serif;font-size:20px;font-weight:500;text-transform:none;letter-spacing:-1px;color:#000000;}@media(max-width:480px){.elementor-3783 .elementor-element.elementor-element-f2d911b{margin:0px 0px calc(var(--kit-widget-spacing, 0px) + 0px) 0px;padding:0px 0px 0px 0px;}.elementor-3783 .elementor-element.elementor-element-f2d911b img{width:100%;height:500px;}.elementor-3783 .elementor-element.elementor-element-1f0ac7e:not( .elementor-widget-image ), .elementor-3783 .elementor-element.elementor-element-1f0ac7e.elementor-widget-image img{-webkit-mask-size:90%;}.elementor-3783 .elementor-element.elementor-element-1f0ac7e .elementor-heading-title{font-size:18px;}}<\/style>\t\t<div data-elementor-type=\"loop-item\" data-elementor-id=\"3783\" class=\"elementor elementor-3783 elementor-1873 elementor-1873 e-loop-item e-loop-item-3643 post-3643 post type-post status-publish format-image has-post-thumbnail hentry category-agroturismos-con-alojamiento post_format-post-format-image\" data-elementor-post-type=\"elementor_library\" data-custom-edit-handle=\"1\">\n\t\t\t<div class=\"elementor-element elementor-element-f06f580 e-con-full e-flex e-con e-parent\" data-id=\"f06f580\" data-element_type=\"container\">\n\t\t\t\t<div class=\"elementor-element elementor-element-f2d911b elementor-widget__width-inherit elementor-widget elementor-widget-theme-post-featured-image elementor-widget-image\" data-id=\"f2d911b\" data-element_type=\"widget\" data-settings=\"{&quot;wdt_enable_inview_status&quot;:&quot;true&quot;,&quot;wdt_animation_effect&quot;:&quot;none&quot;}\" data-widget_type=\"theme-post-featured-image.default\">\n\t\t\t\t\t\t\t\t\t\t\t\t\t\t\t\t<a href=\"https:\/\/castiadasturismo.com\/es\/agroturismos-con-alojamiento\/agriturismo-bettoli\/\">\n\t\t\t\t\t\t\t<img fetchpriority=\"high\" decoding=\"async\" width=\"1360\" height=\"906\" src=\"https:\/\/castiadasturismo.com\/wp-content\/uploads\/2026\/02\/2021-07-19.webp\" class=\"attachment-full size-full wp-image-3644\" alt=\"\" srcset=\"https:\/\/castiadasturismo.com\/wp-content\/uploads\/2026\/02\/2021-07-19.webp 1360w, https:\/\/castiadasturismo.com\/wp-content\/uploads\/2026\/02\/2021-07-19-300x200.webp 300w, https:\/\/castiadasturismo.com\/wp-content\/uploads\/2026\/02\/2021-07-19-1024x682.webp 1024w, https:\/\/castiadasturismo.com\/wp-content\/uploads\/2026\/02\/2021-07-19-768x512.webp 768w, https:\/\/castiadasturismo.com\/wp-content\/uploads\/2026\/02\/2021-07-19-1000x666.webp 1000w\" sizes=\"(max-width: 1360px) 100vw, 1360px\" \/>\t\t\t\t\t\t\t\t<\/a>\n\t\t\t\t\t\t\t\t\t\t\t\t\t\t\t<\/div>\n\t\t\t\t<div class=\"elementor-element elementor-element-1f0ac7e elementor-widget__width-auto elementor-widget elementor-widget-theme-post-title elementor-page-title elementor-widget-heading\" data-id=\"1f0ac7e\" data-element_type=\"widget\" data-settings=\"{&quot;wdt_animation_effect&quot;:&quot;none&quot;}\" data-widget_type=\"theme-post-title.default\">\n\t\t\t\t\t<h2 class=\"elementor-heading-title elementor-size-default\"><a href=\"https:\/\/castiadasturismo.com\/es\/agroturismos-con-alojamiento\/agriturismo-bettoli\/\">Agriturismo Bettoli<\/a><\/h2>\t\t\t\t<\/div>\n\t\t\t\t<\/div>\n\t\t\t\t<\/div>\n\t\t\t\t<div data-elementor-type=\"loop-item\" data-elementor-id=\"3783\" class=\"elementor elementor-3783 elementor-1873 elementor-1873 e-loop-item e-loop-item-3668 post-3668 post type-post status-publish format-image has-post-thumbnail hentry category-agroturismos-con-alojamiento post_format-post-format-image\" data-elementor-post-type=\"elementor_library\" data-custom-edit-handle=\"1\">\n\t\t\t<div class=\"elementor-element elementor-element-f06f580 e-con-full e-flex e-con e-parent\" data-id=\"f06f580\" data-element_type=\"container\">\n\t\t\t\t<div class=\"elementor-element elementor-element-f2d911b elementor-widget__width-inherit elementor-widget elementor-widget-theme-post-featured-image elementor-widget-image\" data-id=\"f2d911b\" data-element_type=\"widget\" data-settings=\"{&quot;wdt_enable_inview_status&quot;:&quot;true&quot;,&quot;wdt_animation_effect&quot;:&quot;none&quot;}\" data-widget_type=\"theme-post-featured-image.default\">\n\t\t\t\t\t\t\t\t\t\t\t\t\t\t\t\t<a href=\"https:\/\/castiadasturismo.com\/es\/agroturismos-con-alojamiento\/agriturismo-la-rosa-dei-venti\/\">\n\t\t\t\t\t\t\t<img decoding=\"async\" width=\"1360\" height=\"1020\" src=\"https:\/\/castiadasturismo.com\/wp-content\/uploads\/2026\/02\/unnamed-11.webp\" class=\"attachment-full size-full wp-image-3669\" alt=\"\" srcset=\"https:\/\/castiadasturismo.com\/wp-content\/uploads\/2026\/02\/unnamed-11.webp 1360w, https:\/\/castiadasturismo.com\/wp-content\/uploads\/2026\/02\/unnamed-11-300x225.webp 300w, https:\/\/castiadasturismo.com\/wp-content\/uploads\/2026\/02\/unnamed-11-1024x768.webp 1024w, https:\/\/castiadasturismo.com\/wp-content\/uploads\/2026\/02\/unnamed-11-768x576.webp 768w, https:\/\/castiadasturismo.com\/wp-content\/uploads\/2026\/02\/unnamed-11-1000x750.webp 1000w\" sizes=\"(max-width: 1360px) 100vw, 1360px\" \/>\t\t\t\t\t\t\t\t<\/a>\n\t\t\t\t\t\t\t\t\t\t\t\t\t\t\t<\/div>\n\t\t\t\t<div class=\"elementor-element elementor-element-1f0ac7e elementor-widget__width-auto elementor-widget elementor-widget-theme-post-title elementor-page-title elementor-widget-heading\" data-id=\"1f0ac7e\" data-element_type=\"widget\" data-settings=\"{&quot;wdt_animation_effect&quot;:&quot;none&quot;}\" data-widget_type=\"theme-post-title.default\">\n\t\t\t\t\t<h2 class=\"elementor-heading-title elementor-size-default\"><a href=\"https:\/\/castiadasturismo.com\/es\/agroturismos-con-alojamiento\/agriturismo-la-rosa-dei-venti\/\">Agriturismo La Rosa dei Venti<\/a><\/h2>\t\t\t\t<\/div>\n\t\t\t\t<\/div>\n\t\t\t\t<\/div>\n\t\t\t\t<div data-elementor-type=\"loop-item\" data-elementor-id=\"3783\" class=\"elementor elementor-3783 elementor-1873 elementor-1873 e-loop-item e-loop-item-3714 post-3714 post type-post status-publish format-image has-post-thumbnail hentry category-agroturismos category-agroturismos-con-alojamiento post_format-post-format-image\" data-elementor-post-type=\"elementor_library\" data-custom-edit-handle=\"1\">\n\t\t\t<div class=\"elementor-element elementor-element-f06f580 e-con-full e-flex e-con e-parent\" data-id=\"f06f580\" data-element_type=\"container\">\n\t\t\t\t<div class=\"elementor-element elementor-element-f2d911b elementor-widget__width-inherit elementor-widget elementor-widget-theme-post-featured-image elementor-widget-image\" data-id=\"f2d911b\" data-element_type=\"widget\" data-settings=\"{&quot;wdt_enable_inview_status&quot;:&quot;true&quot;,&quot;wdt_animation_effect&quot;:&quot;none&quot;}\" data-widget_type=\"theme-post-featured-image.default\">\n\t\t\t\t\t\t\t\t\t\t\t\t\t\t\t\t<a href=\"https:\/\/castiadasturismo.com\/es\/agroturismos-con-alojamiento\/agriturismo-minni-minni\/\">\n\t\t\t\t\t\t\t<img decoding=\"async\" width=\"1360\" height=\"765\" src=\"https:\/\/castiadasturismo.com\/wp-content\/uploads\/2026\/02\/unnamed-9.webp\" class=\"attachment-full size-full wp-image-3715\" alt=\"\" srcset=\"https:\/\/castiadasturismo.com\/wp-content\/uploads\/2026\/02\/unnamed-9.webp 1360w, https:\/\/castiadasturismo.com\/wp-content\/uploads\/2026\/02\/unnamed-9-300x169.webp 300w, https:\/\/castiadasturismo.com\/wp-content\/uploads\/2026\/02\/unnamed-9-1024x576.webp 1024w, https:\/\/castiadasturismo.com\/wp-content\/uploads\/2026\/02\/unnamed-9-768x432.webp 768w, https:\/\/castiadasturismo.com\/wp-content\/uploads\/2026\/02\/unnamed-9-1000x563.webp 1000w\" sizes=\"(max-width: 1360px) 100vw, 1360px\" \/>\t\t\t\t\t\t\t\t<\/a>\n\t\t\t\t\t\t\t\t\t\t\t\t\t\t\t<\/div>\n\t\t\t\t<div class=\"elementor-element elementor-element-1f0ac7e elementor-widget__width-auto elementor-widget elementor-widget-theme-post-title elementor-page-title elementor-widget-heading\" data-id=\"1f0ac7e\" data-element_type=\"widget\" data-settings=\"{&quot;wdt_animation_effect&quot;:&quot;none&quot;}\" data-widget_type=\"theme-post-title.default\">\n\t\t\t\t\t<h2 class=\"elementor-heading-title elementor-size-default\"><a href=\"https:\/\/castiadasturismo.com\/es\/agroturismos-con-alojamiento\/agriturismo-minni-minni\/\">Agriturismo Minni Minni<\/a><\/h2>\t\t\t\t<\/div>\n\t\t\t\t<\/div>\n\t\t\t\t<\/div>\n\t\t\t\t<div data-elementor-type=\"loop-item\" data-elementor-id=\"3783\" class=\"elementor elementor-3783 elementor-1873 elementor-1873 e-loop-item e-loop-item-3651 post-3651 post type-post status-publish format-image has-post-thumbnail hentry category-agroturismos category-agroturismos-con-alojamiento category-bares-y-heladerias post_format-post-format-image\" data-elementor-post-type=\"elementor_library\" data-custom-edit-handle=\"1\">\n\t\t\t<div class=\"elementor-element elementor-element-f06f580 e-con-full e-flex e-con e-parent\" data-id=\"f06f580\" data-element_type=\"container\">\n\t\t\t\t<div class=\"elementor-element elementor-element-f2d911b elementor-widget__width-inherit elementor-widget elementor-widget-theme-post-featured-image elementor-widget-image\" data-id=\"f2d911b\" data-element_type=\"widget\" data-settings=\"{&quot;wdt_enable_inview_status&quot;:&quot;true&quot;,&quot;wdt_animation_effect&quot;:&quot;none&quot;}\" data-widget_type=\"theme-post-featured-image.default\">\n\t\t\t\t\t\t\t\t\t\t\t\t\t\t\t\t<a href=\"https:\/\/castiadasturismo.com\/es\/agroturismos-con-alojamiento\/agroturismo-camboni\/\">\n\t\t\t\t\t\t\t<img loading=\"lazy\" decoding=\"async\" width=\"1360\" height=\"906\" src=\"https:\/\/castiadasturismo.com\/wp-content\/uploads\/2026\/02\/2025-08-15.webp\" class=\"attachment-full size-full wp-image-3652\" alt=\"\" srcset=\"https:\/\/castiadasturismo.com\/wp-content\/uploads\/2026\/02\/2025-08-15.webp 1360w, https:\/\/castiadasturismo.com\/wp-content\/uploads\/2026\/02\/2025-08-15-300x200.webp 300w, https:\/\/castiadasturismo.com\/wp-content\/uploads\/2026\/02\/2025-08-15-1024x682.webp 1024w, https:\/\/castiadasturismo.com\/wp-content\/uploads\/2026\/02\/2025-08-15-768x512.webp 768w, https:\/\/castiadasturismo.com\/wp-content\/uploads\/2026\/02\/2025-08-15-1000x666.webp 1000w\" sizes=\"(max-width: 1360px) 100vw, 1360px\" \/>\t\t\t\t\t\t\t\t<\/a>\n\t\t\t\t\t\t\t\t\t\t\t\t\t\t\t<\/div>\n\t\t\t\t<div class=\"elementor-element elementor-element-1f0ac7e elementor-widget__width-auto elementor-widget elementor-widget-theme-post-title elementor-page-title elementor-widget-heading\" data-id=\"1f0ac7e\" data-element_type=\"widget\" data-settings=\"{&quot;wdt_animation_effect&quot;:&quot;none&quot;}\" data-widget_type=\"theme-post-title.default\">\n\t\t\t\t\t<h2 class=\"elementor-heading-title elementor-size-default\"><a href=\"https:\/\/castiadasturismo.com\/es\/agroturismos-con-alojamiento\/agroturismo-camboni\/\">Agroturismo Camboni<\/a><\/h2>\t\t\t\t<\/div>\n\t\t\t\t<\/div>\n\t\t\t\t<\/div>\n\t\t\t\t<div data-elementor-type=\"loop-item\" data-elementor-id=\"3783\" class=\"elementor elementor-3783 elementor-1873 elementor-1873 e-loop-item e-loop-item-3672 post-3672 post type-post status-publish format-image has-post-thumbnail hentry category-agroturismos-con-alojamiento category-bares-y-heladerias post_format-post-format-image\" data-elementor-post-type=\"elementor_library\" data-custom-edit-handle=\"1\">\n\t\t\t<div class=\"elementor-element elementor-element-f06f580 e-con-full e-flex e-con e-parent\" data-id=\"f06f580\" data-element_type=\"container\">\n\t\t\t\t<div class=\"elementor-element elementor-element-f2d911b elementor-widget__width-inherit elementor-widget elementor-widget-theme-post-featured-image elementor-widget-image\" data-id=\"f2d911b\" data-element_type=\"widget\" data-settings=\"{&quot;wdt_enable_inview_status&quot;:&quot;true&quot;,&quot;wdt_animation_effect&quot;:&quot;none&quot;}\" data-widget_type=\"theme-post-featured-image.default\">\n\t\t\t\t\t\t\t\t\t\t\t\t\t\t\t\t<a href=\"https:\/\/castiadasturismo.com\/es\/agroturismos-con-alojamiento\/agroturismo-la-sorgente\/\">\n\t\t\t\t\t\t\t<img loading=\"lazy\" decoding=\"async\" width=\"1360\" height=\"1020\" src=\"https:\/\/castiadasturismo.com\/wp-content\/uploads\/2026\/02\/unnamed-12.webp\" class=\"attachment-full size-full wp-image-3673\" alt=\"\" srcset=\"https:\/\/castiadasturismo.com\/wp-content\/uploads\/2026\/02\/unnamed-12.webp 1360w, https:\/\/castiadasturismo.com\/wp-content\/uploads\/2026\/02\/unnamed-12-300x225.webp 300w, https:\/\/castiadasturismo.com\/wp-content\/uploads\/2026\/02\/unnamed-12-1024x768.webp 1024w, https:\/\/castiadasturismo.com\/wp-content\/uploads\/2026\/02\/unnamed-12-768x576.webp 768w, https:\/\/castiadasturismo.com\/wp-content\/uploads\/2026\/02\/unnamed-12-1000x750.webp 1000w\" sizes=\"(max-width: 1360px) 100vw, 1360px\" \/>\t\t\t\t\t\t\t\t<\/a>\n\t\t\t\t\t\t\t\t\t\t\t\t\t\t\t<\/div>\n\t\t\t\t<div class=\"elementor-element elementor-element-1f0ac7e elementor-widget__width-auto elementor-widget elementor-widget-theme-post-title elementor-page-title elementor-widget-heading\" data-id=\"1f0ac7e\" data-element_type=\"widget\" data-settings=\"{&quot;wdt_animation_effect&quot;:&quot;none&quot;}\" data-widget_type=\"theme-post-title.default\">\n\t\t\t\t\t<h2 class=\"elementor-heading-title elementor-size-default\"><a href=\"https:\/\/castiadasturismo.com\/es\/agroturismos-con-alojamiento\/agroturismo-la-sorgente\/\">Agroturismo La Sorgente<\/a><\/h2>\t\t\t\t<\/div>\n\t\t\t\t<\/div>\n\t\t\t\t<\/div>\n\t\t\t\t<div data-elementor-type=\"loop-item\" data-elementor-id=\"3783\" class=\"elementor elementor-3783 elementor-1873 elementor-1873 e-loop-item e-loop-item-3636 post-3636 post type-post status-publish format-image has-post-thumbnail hentry category-agroturismos category-agroturismos-con-alojamiento post_format-post-format-image\" data-elementor-post-type=\"elementor_library\" data-custom-edit-handle=\"1\">\n\t\t\t<div class=\"elementor-element elementor-element-f06f580 e-con-full e-flex e-con e-parent\" data-id=\"f06f580\" data-element_type=\"container\">\n\t\t\t\t<div class=\"elementor-element elementor-element-f2d911b elementor-widget__width-inherit elementor-widget elementor-widget-theme-post-featured-image elementor-widget-image\" data-id=\"f2d911b\" data-element_type=\"widget\" data-settings=\"{&quot;wdt_enable_inview_status&quot;:&quot;true&quot;,&quot;wdt_animation_effect&quot;:&quot;none&quot;}\" data-widget_type=\"theme-post-featured-image.default\">\n\t\t\t\t\t\t\t\t\t\t\t\t\t\t\t\t<a href=\"https:\/\/castiadasturismo.com\/es\/agroturismos-con-alojamiento\/agroturismo-monte-gruttas\/\">\n\t\t\t\t\t\t\t<img loading=\"lazy\" decoding=\"async\" width=\"1360\" height=\"767\" src=\"https:\/\/castiadasturismo.com\/wp-content\/uploads\/2026\/02\/unnamed-10.webp\" class=\"attachment-full size-full wp-image-3637\" alt=\"\" srcset=\"https:\/\/castiadasturismo.com\/wp-content\/uploads\/2026\/02\/unnamed-10.webp 1360w, https:\/\/castiadasturismo.com\/wp-content\/uploads\/2026\/02\/unnamed-10-300x169.webp 300w, https:\/\/castiadasturismo.com\/wp-content\/uploads\/2026\/02\/unnamed-10-1024x578.webp 1024w, https:\/\/castiadasturismo.com\/wp-content\/uploads\/2026\/02\/unnamed-10-768x433.webp 768w, https:\/\/castiadasturismo.com\/wp-content\/uploads\/2026\/02\/unnamed-10-1000x564.webp 1000w\" sizes=\"(max-width: 1360px) 100vw, 1360px\" \/>\t\t\t\t\t\t\t\t<\/a>\n\t\t\t\t\t\t\t\t\t\t\t\t\t\t\t<\/div>\n\t\t\t\t<div class=\"elementor-element elementor-element-1f0ac7e elementor-widget__width-auto elementor-widget elementor-widget-theme-post-title elementor-page-title elementor-widget-heading\" data-id=\"1f0ac7e\" data-element_type=\"widget\" data-settings=\"{&quot;wdt_animation_effect&quot;:&quot;none&quot;}\" data-widget_type=\"theme-post-title.default\">\n\t\t\t\t\t<h2 class=\"elementor-heading-title elementor-size-default\"><a href=\"https:\/\/castiadasturismo.com\/es\/agroturismos-con-alojamiento\/agroturismo-monte-gruttas\/\">Agroturismo Monte Gruttas<\/a><\/h2>\t\t\t\t<\/div>\n\t\t\t\t<\/div>\n\t\t\t\t<\/div>\n\t\t\t\t<div data-elementor-type=\"loop-item\" data-elementor-id=\"3783\" class=\"elementor elementor-3783 elementor-1873 elementor-1873 e-loop-item e-loop-item-3663 post-3663 post type-post status-publish format-image has-post-thumbnail hentry category-agroturismos-con-alojamiento category-campings post_format-post-format-image\" data-elementor-post-type=\"elementor_library\" data-custom-edit-handle=\"1\">\n\t\t\t<div class=\"elementor-element elementor-element-f06f580 e-con-full e-flex e-con e-parent\" data-id=\"f06f580\" data-element_type=\"container\">\n\t\t\t\t<div class=\"elementor-element elementor-element-f2d911b elementor-widget__width-inherit elementor-widget elementor-widget-theme-post-featured-image elementor-widget-image\" data-id=\"f2d911b\" data-element_type=\"widget\" data-settings=\"{&quot;wdt_enable_inview_status&quot;:&quot;true&quot;,&quot;wdt_animation_effect&quot;:&quot;none&quot;}\" data-widget_type=\"theme-post-featured-image.default\">\n\t\t\t\t\t\t\t\t\t\t\t\t\t\t\t\t<a href=\"https:\/\/castiadasturismo.com\/es\/agroturismos-con-alojamiento\/gli-ulivi\/\">\n\t\t\t\t\t\t\t<img loading=\"lazy\" decoding=\"async\" width=\"1360\" height=\"907\" src=\"https:\/\/castiadasturismo.com\/wp-content\/uploads\/2026\/02\/IMG_3754.webp\" class=\"attachment-full size-full wp-image-3664\" alt=\"\" srcset=\"https:\/\/castiadasturismo.com\/wp-content\/uploads\/2026\/02\/IMG_3754.webp 1360w, https:\/\/castiadasturismo.com\/wp-content\/uploads\/2026\/02\/IMG_3754-300x200.webp 300w, https:\/\/castiadasturismo.com\/wp-content\/uploads\/2026\/02\/IMG_3754-1024x683.webp 1024w, https:\/\/castiadasturismo.com\/wp-content\/uploads\/2026\/02\/IMG_3754-768x512.webp 768w, https:\/\/castiadasturismo.com\/wp-content\/uploads\/2026\/02\/IMG_3754-1000x667.webp 1000w\" sizes=\"(max-width: 1360px) 100vw, 1360px\" \/>\t\t\t\t\t\t\t\t<\/a>\n\t\t\t\t\t\t\t\t\t\t\t\t\t\t\t<\/div>\n\t\t\t\t<div class=\"elementor-element elementor-element-1f0ac7e elementor-widget__width-auto elementor-widget elementor-widget-theme-post-title elementor-page-title elementor-widget-heading\" data-id=\"1f0ac7e\" data-element_type=\"widget\" data-settings=\"{&quot;wdt_animation_effect&quot;:&quot;none&quot;}\" data-widget_type=\"theme-post-title.default\">\n\t\t\t\t\t<h2 class=\"elementor-heading-title elementor-size-default\"><a href=\"https:\/\/castiadasturismo.com\/es\/agroturismos-con-alojamiento\/gli-ulivi\/\">Gli Ulivi<\/a><\/h2>\t\t\t\t<\/div>\n\t\t\t\t<\/div>\n\t\t\t\t<\/div>\n\t\t\t\t<\/div>\n\t\t\n\t\t\t\t\t\t<\/div>\n\t\t\t\t<\/div>\n\t\t\t\t\t<\/div>\n\t\t\t\t<\/div>\n\t\t\t\t<\/div>\n\t\t","protected":false},"excerpt":{"rendered":"<p>El movimiento tur\u00edstico hacia Cerde\u00f1a comenz\u00f3 a desarrollarse en los a\u00f1os 50, cuando se construyeron las primeras estructuras de alojamiento en algunas localidades costeras, pero el verdadero auge tur\u00edstico se produjo diez a\u00f1os despu\u00e9s, cambiando incluso la mentalidad de los sardos, que estaban m\u00e1s vinculados a la tierra que al mar. Las estructuras de alojamiento [&hellip;]<\/p>\n","protected":false},"author":1,"featured_media":0,"parent":0,"menu_order":0,"comment_status":"closed","ping_status":"closed","template":"","meta":{"footnotes":""},"class_list":["post-3283","page","type-page","status-publish","hentry"],"_links":{"self":[{"href":"https:\/\/castiadasturismo.com\/es\/wp-json\/wp\/v2\/pages\/3283","targetHints":{"allow":["GET"]}}],"collection":[{"href":"https:\/\/castiadasturismo.com\/es\/wp-json\/wp\/v2\/pages"}],"about":[{"href":"https:\/\/castiadasturismo.com\/es\/wp-json\/wp\/v2\/types\/page"}],"author":[{"embeddable":true,"href":"https:\/\/castiadasturismo.com\/es\/wp-json\/wp\/v2\/users\/1"}],"replies":[{"embeddable":true,"href":"https:\/\/castiadasturismo.com\/es\/wp-json\/wp\/v2\/comments?post=3283"}],"version-history":[{"count":1,"href":"https:\/\/castiadasturismo.com\/es\/wp-json\/wp\/v2\/pages\/3283\/revisions"}],"predecessor-version":[{"id":3285,"href":"https:\/\/castiadasturismo.com\/es\/wp-json\/wp\/v2\/pages\/3283\/revisions\/3285"}],"wp:attachment":[{"href":"https:\/\/castiadasturismo.com\/es\/wp-json\/wp\/v2\/media?parent=3283"}],"curies":[{"name":"wp","href":"https:\/\/api.w.org\/{rel}","templated":true}]}}