{"id":3218,"date":"2026-02-26T15:56:03","date_gmt":"2026-02-26T15:56:03","guid":{"rendered":"https:\/\/castiadasturismo.com\/descubra-castiadas\/"},"modified":"2026-03-12T14:33:02","modified_gmt":"2026-03-12T14:33:02","slug":"descubra-castiadas","status":"publish","type":"page","link":"https:\/\/castiadasturismo.com\/es\/descubra-castiadas\/","title":{"rendered":"Descubra Castiadas"},"content":{"rendered":"\t\t<div data-elementor-type=\"wp-page\" data-elementor-id=\"3218\" class=\"elementor elementor-3218 elementor-2429\" data-elementor-post-type=\"page\">\n\t\t\t\t<div class=\"elementor-element elementor-element-e0f957d e-flex e-con-boxed e-con e-parent\" data-id=\"e0f957d\" data-element_type=\"container\">\n\t\t\t\t\t<div class=\"e-con-inner\">\n\t\t\t\t<div class=\"elementor-element elementor-element-ba36b98 elementor-widget elementor-widget-text-editor\" data-id=\"ba36b98\" data-element_type=\"widget\" data-settings=\"{&quot;wdt_animation_effect&quot;:&quot;none&quot;}\" data-widget_type=\"text-editor.default\">\n\t\t\t\t\t\t\t\t\t<p>El territorio de Castiadas conserva huellas antiqu\u00edsimas de la presencia humana. En diversas \u00e1reas se se\u00f1alan restos de asentamientos prehist\u00f3ricos vinculados al mundo prenur\u00e1gico y nur\u00e1gico: son testimonios a menudo discretos, fragmentos de piedra y muros apenas emergentes, que el tiempo y la vegetaci\u00f3n han \u201creabsorbido\u201d en parte en el paisaje. Precisamente esta dimensi\u00f3n oculta, sin embargo, hace que el descubrimiento sea a\u00fan m\u00e1s fascinante para quienes gustan de caminar con atenci\u00f3n y leer el territorio.  <\/p><p>Entre las evidencias m\u00e1s interesantes destacan las <strong>Domus de Janas<\/strong> de la localidad de <strong>Maloccu<\/strong>: peque\u00f1as c\u00e1maras excavadas en la roca, antiguas arquitecturas hipogeas que remiten a una \u00e9poca anterior a los nuragas. Son lugares sugerentes y poco frecuentados, que narran una Cerde\u00f1a lejan\u00edsima y una forma de habitar (y de imaginar el m\u00e1s all\u00e1) ya sorprendentemente estructurada. <\/p><p>En torno a estas cavidades excavadas en la piedra, con el tiempo, han nacido tambi\u00e9n muchos relatos populares: se trata de historias que atribuyen las \u201ccasas\u201d a presencias misteriosas y diminutas, vinculadas a la noche, a la magia y a capacidades extraordinarias. Hoy en d\u00eda, los estudiosos interpretan las Domus de Janas como <strong>sepulturas<\/strong>: espacios funerarios dise\u00f1ados para evocar el ambiente dom\u00e9stico, casi como recreando \u201cuna casa\u201d para el tr\u00e1nsito y la continuidad del difunto. En Cerde\u00f1a se cuentan m\u00e1s de un millar, lo que confirma una tradici\u00f3n extendida e importante.  <\/p><p>Junto a los testimonios m\u00e1s antiguos, Castiadas ofrece tambi\u00e9n un lugar capaz de narrar una historia mucho m\u00e1s cercana: el <strong>Museo de las Antiguas C\u00e1rceles<\/strong>. Ubicado en las estancias del antiguo complejo, el museo permite recorrer una p\u00e1gina significativa de la memoria local, vinculada al periodo de la colonia penal y a la transformaci\u00f3n del territorio. Es una visita que ayuda a comprender no solo los edificios, sino tambi\u00e9n el contexto social y humano que ha marcado la identidad de Castiadas.  <\/p>\t\t\t\t\t\t\t\t<\/div>\n\t\t\t\t\t<\/div>\n\t\t\t\t<\/div>\n\t\t<div class=\"elementor-element elementor-element-b21399b e-flex e-con-boxed e-con e-parent\" data-id=\"b21399b\" data-element_type=\"container\">\n\t\t\t\t\t<div class=\"e-con-inner\">\n\t\t\t\t<div class=\"elementor-element elementor-element-bc7c812 elementor-widget elementor-widget-wdt-advanced-carousel\" data-id=\"bc7c812\" data-element_type=\"widget\" data-settings=\"{&quot;direction&quot;:&quot;horizontal&quot;,&quot;effect&quot;:&quot;default&quot;,&quot;slides_to_show_opts&quot;:4,&quot;slides_to_show_opts_laptop&quot;:4,&quot;slides_to_show_opts_tablet_extra&quot;:2,&quot;slides_to_show_opts_tablet&quot;:2,&quot;slides_to_show_opts_mobile_extra&quot;:1,&quot;slides_to_show_opts_mobile&quot;:1,&quot;slides_to_scroll_opts&quot;:&quot;single&quot;,&quot;pagination&quot;:&quot;bullets&quot;,&quot;arrows&quot;:&quot;yes&quot;,&quot;speed&quot;:300,&quot;gap&quot;:{&quot;unit&quot;:&quot;dpt&quot;,&quot;size&quot;:20,&quot;sizes&quot;:[]},&quot;gap_laptop&quot;:{&quot;unit&quot;:&quot;px&quot;,&quot;size&quot;:&quot;&quot;,&quot;sizes&quot;:[]},&quot;gap_tablet_extra&quot;:{&quot;unit&quot;:&quot;px&quot;,&quot;size&quot;:&quot;&quot;,&quot;sizes&quot;:[]},&quot;gap_tablet&quot;:{&quot;unit&quot;:&quot;px&quot;,&quot;size&quot;:&quot;&quot;,&quot;sizes&quot;:[]},&quot;gap_mobile_extra&quot;:{&quot;unit&quot;:&quot;px&quot;,&quot;size&quot;:&quot;&quot;,&quot;sizes&quot;:[]},&quot;gap_mobile&quot;:{&quot;unit&quot;:&quot;px&quot;,&quot;size&quot;:&quot;&quot;,&quot;sizes&quot;:[]},&quot;loop&quot;:&quot;yes&quot;,&quot;centered_slides&quot;:&quot;no&quot;,&quot;overflow_opacity&quot;:&quot;yes&quot;,&quot;carousel_arrows_prev_arrow_vertical_top_indent&quot;:{&quot;unit&quot;:&quot;%&quot;,&quot;size&quot;:&quot;&quot;,&quot;sizes&quot;:[]},&quot;carousel_arrows_prev_arrow_vertical_top_indent_laptop&quot;:{&quot;unit&quot;:&quot;px&quot;,&quot;size&quot;:&quot;&quot;,&quot;sizes&quot;:[]},&quot;carousel_arrows_prev_arrow_vertical_top_indent_tablet_extra&quot;:{&quot;unit&quot;:&quot;px&quot;,&quot;size&quot;:&quot;&quot;,&quot;sizes&quot;:[]},&quot;carousel_arrows_prev_arrow_vertical_top_indent_tablet&quot;:{&quot;unit&quot;:&quot;%&quot;,&quot;size&quot;:&quot;&quot;,&quot;sizes&quot;:[]},&quot;carousel_arrows_prev_arrow_vertical_top_indent_mobile_extra&quot;:{&quot;unit&quot;:&quot;px&quot;,&quot;size&quot;:&quot;&quot;,&quot;sizes&quot;:[]},&quot;carousel_arrows_prev_arrow_vertical_top_indent_mobile&quot;:{&quot;unit&quot;:&quot;%&quot;,&quot;size&quot;:&quot;&quot;,&quot;sizes&quot;:[]},&quot;carousel_arrows_prev_arrow_horizontal_left_indent&quot;:{&quot;unit&quot;:&quot;%&quot;,&quot;size&quot;:&quot;&quot;,&quot;sizes&quot;:[]},&quot;carousel_arrows_prev_arrow_horizontal_left_indent_laptop&quot;:{&quot;unit&quot;:&quot;px&quot;,&quot;size&quot;:&quot;&quot;,&quot;sizes&quot;:[]},&quot;carousel_arrows_prev_arrow_horizontal_left_indent_tablet_extra&quot;:{&quot;unit&quot;:&quot;px&quot;,&quot;size&quot;:&quot;&quot;,&quot;sizes&quot;:[]},&quot;carousel_arrows_prev_arrow_horizontal_left_indent_tablet&quot;:{&quot;unit&quot;:&quot;%&quot;,&quot;size&quot;:&quot;&quot;,&quot;sizes&quot;:[]},&quot;carousel_arrows_prev_arrow_horizontal_left_indent_mobile_extra&quot;:{&quot;unit&quot;:&quot;px&quot;,&quot;size&quot;:&quot;&quot;,&quot;sizes&quot;:[]},&quot;carousel_arrows_prev_arrow_horizontal_left_indent_mobile&quot;:{&quot;unit&quot;:&quot;%&quot;,&quot;size&quot;:&quot;&quot;,&quot;sizes&quot;:[]},&quot;carousel_arrows_next_arrow_vertical_top_indent&quot;:{&quot;unit&quot;:&quot;%&quot;,&quot;size&quot;:&quot;&quot;,&quot;sizes&quot;:[]},&quot;carousel_arrows_next_arrow_vertical_top_indent_laptop&quot;:{&quot;unit&quot;:&quot;px&quot;,&quot;size&quot;:&quot;&quot;,&quot;sizes&quot;:[]},&quot;carousel_arrows_next_arrow_vertical_top_indent_tablet_extra&quot;:{&quot;unit&quot;:&quot;px&quot;,&quot;size&quot;:&quot;&quot;,&quot;sizes&quot;:[]},&quot;carousel_arrows_next_arrow_vertical_top_indent_tablet&quot;:{&quot;unit&quot;:&quot;%&quot;,&quot;size&quot;:&quot;&quot;,&quot;sizes&quot;:[]},&quot;carousel_arrows_next_arrow_vertical_top_indent_mobile_extra&quot;:{&quot;unit&quot;:&quot;px&quot;,&quot;size&quot;:&quot;&quot;,&quot;sizes&quot;:[]},&quot;carousel_arrows_next_arrow_vertical_top_indent_mobile&quot;:{&quot;unit&quot;:&quot;%&quot;,&quot;size&quot;:&quot;&quot;,&quot;sizes&quot;:[]},&quot;carousel_arrows_next_arrow_horizontal_left_indent&quot;:{&quot;unit&quot;:&quot;%&quot;,&quot;size&quot;:&quot;&quot;,&quot;sizes&quot;:[]},&quot;carousel_arrows_next_arrow_horizontal_left_indent_laptop&quot;:{&quot;unit&quot;:&quot;px&quot;,&quot;size&quot;:&quot;&quot;,&quot;sizes&quot;:[]},&quot;carousel_arrows_next_arrow_horizontal_left_indent_tablet_extra&quot;:{&quot;unit&quot;:&quot;px&quot;,&quot;size&quot;:&quot;&quot;,&quot;sizes&quot;:[]},&quot;carousel_arrows_next_arrow_horizontal_left_indent_tablet&quot;:{&quot;unit&quot;:&quot;%&quot;,&quot;size&quot;:&quot;&quot;,&quot;sizes&quot;:[]},&quot;carousel_arrows_next_arrow_horizontal_left_indent_mobile_extra&quot;:{&quot;unit&quot;:&quot;px&quot;,&quot;size&quot;:&quot;&quot;,&quot;sizes&quot;:[]},&quot;carousel_arrows_next_arrow_horizontal_left_indent_mobile&quot;:{&quot;unit&quot;:&quot;%&quot;,&quot;size&quot;:&quot;&quot;,&quot;sizes&quot;:[]},&quot;wdt_animation_effect&quot;:&quot;none&quot;}\" data-widget_type=\"wdt-advanced-carousel.default\">\n\t\t\t\t<div class=\"elementor-widget-container\">\n\t\t\t\t\t<div class=\"wdt-advanced-carousel-holder wdt-content-item-holder wdt-carousel-holder wdt-rc-template-default\" id=\"wdt-advanced-carousel-bc7c812\" data-id=\"bc7c812\" data-settings=\"\"><div class=\"wdt-advanced-carousel-container swiper\" data-settings=\"{&quot;direction&quot;:&quot;horizontal&quot;,&quot;effect&quot;:&quot;default&quot;,&quot;slides_to_show&quot;:4,&quot;slides_to_scroll&quot;:1,&quot;arrows&quot;:&quot;yes&quot;,&quot;pagination&quot;:&quot;bullets&quot;,&quot;speed&quot;:300,&quot;autoplay&quot;:&quot;&quot;,&quot;autoplay_speed&quot;:null,&quot;loop&quot;:&quot;yes&quot;,&quot;centered_slides&quot;:&quot;no&quot;,&quot;pause_on_interaction&quot;:null,&quot;overflow_type&quot;:&quot;&quot;,&quot;overflow_opacity&quot;:&quot;yes&quot;,&quot;unequal_height_compatability&quot;:null,&quot;gap&quot;:20,&quot;responsive&quot;:[{&quot;breakpoint&quot;:0,&quot;toshow&quot;:1,&quot;toscroll&quot;:1},{&quot;breakpoint&quot;:481,&quot;toshow&quot;:1,&quot;toscroll&quot;:1},{&quot;breakpoint&quot;:768,&quot;toshow&quot;:2,&quot;toscroll&quot;:1},{&quot;breakpoint&quot;:1025,&quot;toshow&quot;:2,&quot;toscroll&quot;:1},{&quot;breakpoint&quot;:1281,&quot;toshow&quot;:4,&quot;toscroll&quot;:1},{&quot;breakpoint&quot;:1541,&quot;toshow&quot;:4,&quot;toscroll&quot;:1}],&quot;space_between_gaps&quot;:{&quot;desktop&quot;:20,&quot;mobile&quot;:20,&quot;mobile_extra&quot;:20,&quot;tablet&quot;:20,&quot;tablet_extra&quot;:20,&quot;laptop&quot;:20}}\" id=\"wdt-advanced-carousel-swiper-bc7c812\"><div class=\"wdt-advanced-carousel-wrapper swiper-wrapper\"><div class=\"swiper-slide\"><div class=\"wdt-content-item\"><div class=\"wdt-content-media-group\"><div class=\"wdt-content-image-wrapper \"><div class=\"wdt-content-image\"><a href=\"https:\/\/castiadasturismo.com\/scopri-castiadas\/storia-del-territorio\/\" target=\"_blank\" rel=\"nofollow\" ><img fetchpriority=\"high\" decoding=\"async\" width=\"1024\" height=\"768\" src=\"https:\/\/castiadasturismo.com\/wp-content\/uploads\/2026\/02\/14063478802_3c7ac65d61_b.jpg\" class=\"attachment-full size-full wp-image-2231\" alt=\"\" srcset=\"https:\/\/castiadasturismo.com\/wp-content\/uploads\/2026\/02\/14063478802_3c7ac65d61_b.jpg 1024w, https:\/\/castiadasturismo.com\/wp-content\/uploads\/2026\/02\/14063478802_3c7ac65d61_b-300x225.jpg 300w, https:\/\/castiadasturismo.com\/wp-content\/uploads\/2026\/02\/14063478802_3c7ac65d61_b-768x576.jpg 768w, https:\/\/castiadasturismo.com\/wp-content\/uploads\/2026\/02\/14063478802_3c7ac65d61_b-1000x750.jpg 1000w\" sizes=\"(max-width: 1024px) 100vw, 1024px\" \/><\/a><\/div><\/div><\/div><div class=\"wdt-content-detail-group\"><div class=\"wdt-content-title-group below\"><div class=\"wdt-content-title\"><h5><a href=\"https:\/\/castiadasturismo.com\/scopri-castiadas\/storia-del-territorio\/\" target=\"_blank\" rel=\"nofollow\" >Historia del territorio<\/a><\/h5><\/div><span><\/span><\/div><div class=\"wdt-content-button wdt-button-clone\"><a href=\"https:\/\/castiadasturismo.com\/scopri-castiadas\/storia-del-territorio\/\" target=\"_blank\" rel=\"nofollow\" ><div class=\"wdt-button-text\"><span>Leer m\u00e1s<\/span><\/div><\/a><\/div><\/div><\/div><\/div><div class=\"swiper-slide\"><div class=\"wdt-content-item\"><div class=\"wdt-content-media-group\"><div class=\"wdt-content-image-wrapper \"><div class=\"wdt-content-image\"><a href=\"https:\/\/castiadasturismo.com\/scopri-castiadas\/marie-e-spiagge\/\" target=\"_blank\" rel=\"nofollow\" ><img decoding=\"async\" width=\"1280\" height=\"720\" src=\"https:\/\/castiadasturismo.com\/wp-content\/uploads\/2026\/02\/maxresdefault.jpg\" class=\"attachment-full size-full wp-image-2237\" alt=\"\" srcset=\"https:\/\/castiadasturismo.com\/wp-content\/uploads\/2026\/02\/maxresdefault.jpg 1280w, https:\/\/castiadasturismo.com\/wp-content\/uploads\/2026\/02\/maxresdefault-300x169.jpg 300w, https:\/\/castiadasturismo.com\/wp-content\/uploads\/2026\/02\/maxresdefault-1024x576.jpg 1024w, https:\/\/castiadasturismo.com\/wp-content\/uploads\/2026\/02\/maxresdefault-768x432.jpg 768w, https:\/\/castiadasturismo.com\/wp-content\/uploads\/2026\/02\/maxresdefault-1000x563.jpg 1000w\" sizes=\"(max-width: 1280px) 100vw, 1280px\" \/><\/a><\/div><\/div><\/div><div class=\"wdt-content-detail-group\"><div class=\"wdt-content-title-group below\"><div class=\"wdt-content-title\"><h5><a href=\"https:\/\/castiadasturismo.com\/scopri-castiadas\/marie-e-spiagge\/\" target=\"_blank\" rel=\"nofollow\" >Mar y playas<\/a><\/h5><\/div><span><\/span><\/div><div class=\"wdt-content-button wdt-button-clone\"><a href=\"https:\/\/castiadasturismo.com\/scopri-castiadas\/marie-e-spiagge\/\" target=\"_blank\" rel=\"nofollow\" ><div class=\"wdt-button-text\"><span>Leer m\u00e1s<\/span><\/div><\/a><\/div><\/div><\/div><\/div><div class=\"swiper-slide\"><div class=\"wdt-content-item\"><div class=\"wdt-content-media-group\"><div class=\"wdt-content-image-wrapper \"><div class=\"wdt-content-image\"><a href=\"https:\/\/castiadasturismo.com\/scopri-castiadas\/montagna\/\" target=\"_blank\" rel=\"nofollow\" ><img decoding=\"async\" width=\"1280\" height=\"576\" src=\"https:\/\/castiadasturismo.com\/wp-content\/uploads\/2026\/02\/Parco-dei-Sette-Fratelli-11-Martina-Lallai.jpg\" class=\"attachment-full size-full wp-image-2304\" alt=\"\" srcset=\"https:\/\/castiadasturismo.com\/wp-content\/uploads\/2026\/02\/Parco-dei-Sette-Fratelli-11-Martina-Lallai.jpg 1280w, https:\/\/castiadasturismo.com\/wp-content\/uploads\/2026\/02\/Parco-dei-Sette-Fratelli-11-Martina-Lallai-300x135.jpg 300w, https:\/\/castiadasturismo.com\/wp-content\/uploads\/2026\/02\/Parco-dei-Sette-Fratelli-11-Martina-Lallai-1024x461.jpg 1024w, https:\/\/castiadasturismo.com\/wp-content\/uploads\/2026\/02\/Parco-dei-Sette-Fratelli-11-Martina-Lallai-768x346.jpg 768w, https:\/\/castiadasturismo.com\/wp-content\/uploads\/2026\/02\/Parco-dei-Sette-Fratelli-11-Martina-Lallai-1000x450.jpg 1000w\" sizes=\"(max-width: 1280px) 100vw, 1280px\" \/><\/a><\/div><\/div><\/div><div class=\"wdt-content-detail-group\"><div class=\"wdt-content-title-group below\"><div class=\"wdt-content-title\"><h5><a href=\"https:\/\/castiadasturismo.com\/scopri-castiadas\/montagna\/\" target=\"_blank\" rel=\"nofollow\" >Monta\u00f1a<\/a><\/h5><\/div><span><\/span><\/div><div class=\"wdt-content-button wdt-button-clone\"><a href=\"https:\/\/castiadasturismo.com\/scopri-castiadas\/montagna\/\" target=\"_blank\" rel=\"nofollow\" ><div class=\"wdt-button-text\"><span>Leer m\u00e1s<\/span><\/div><\/a><\/div><\/div><\/div><\/div><div class=\"swiper-slide\"><div class=\"wdt-content-item\"><div class=\"wdt-content-media-group\"><div class=\"wdt-content-image-wrapper \"><div class=\"wdt-content-image\"><a href=\"https:\/\/castiadasturismo.com\/scopri-castiadas\/chiese\/\" target=\"_blank\" rel=\"nofollow\" ><img loading=\"lazy\" decoding=\"async\" width=\"1024\" height=\"839\" src=\"https:\/\/castiadasturismo.com\/wp-content\/uploads\/2026\/02\/unnamed-1.jpg\" class=\"attachment-full size-full wp-image-2313\" alt=\"\" srcset=\"https:\/\/castiadasturismo.com\/wp-content\/uploads\/2026\/02\/unnamed-1.jpg 1024w, https:\/\/castiadasturismo.com\/wp-content\/uploads\/2026\/02\/unnamed-1-300x246.jpg 300w, https:\/\/castiadasturismo.com\/wp-content\/uploads\/2026\/02\/unnamed-1-768x629.jpg 768w, https:\/\/castiadasturismo.com\/wp-content\/uploads\/2026\/02\/unnamed-1-1000x819.jpg 1000w\" sizes=\"(max-width: 1024px) 100vw, 1024px\" \/><\/a><\/div><\/div><\/div><div class=\"wdt-content-detail-group\"><div class=\"wdt-content-title-group below\"><div class=\"wdt-content-title\"><h5><a href=\"https:\/\/castiadasturismo.com\/scopri-castiadas\/chiese\/\" target=\"_blank\" rel=\"nofollow\" >Iglesias<\/a><\/h5><\/div><span><\/span><\/div><div class=\"wdt-content-button wdt-button-clone\"><a href=\"https:\/\/castiadasturismo.com\/scopri-castiadas\/chiese\/\" target=\"_blank\" rel=\"nofollow\" ><div class=\"wdt-button-text\"><span>Leer m\u00e1s<\/span><\/div><\/a><\/div><\/div><\/div><\/div><div class=\"swiper-slide\"><div class=\"wdt-content-item\"><div class=\"wdt-content-media-group\"><div class=\"wdt-content-image-wrapper \"><div class=\"wdt-content-image\"><a href=\"https:\/\/castiadasturismo.com\/scopri-castiadas\/le-antiche-carceri-di-castiadas\/\" target=\"_blank\" rel=\"nofollow\" ><img loading=\"lazy\" decoding=\"async\" width=\"680\" height=\"451\" src=\"https:\/\/castiadasturismo.com\/wp-content\/uploads\/2026\/02\/carceri-castiadas-residence-chimera.jpg\" class=\"attachment-full size-full wp-image-2353\" alt=\"\" srcset=\"https:\/\/castiadasturismo.com\/wp-content\/uploads\/2026\/02\/carceri-castiadas-residence-chimera.jpg 680w, https:\/\/castiadasturismo.com\/wp-content\/uploads\/2026\/02\/carceri-castiadas-residence-chimera-300x199.jpg 300w\" sizes=\"(max-width: 680px) 100vw, 680px\" \/><\/a><\/div><\/div><\/div><div class=\"wdt-content-detail-group\"><div class=\"wdt-content-title-group below\"><div class=\"wdt-content-title\"><h5><a href=\"https:\/\/castiadasturismo.com\/scopri-castiadas\/le-antiche-carceri-di-castiadas\/\" target=\"_blank\" rel=\"nofollow\" >Antiguas c\u00e1rceles<\/a><\/h5><\/div><span><\/span><\/div><div class=\"wdt-content-button wdt-button-clone\"><a href=\"https:\/\/castiadasturismo.com\/scopri-castiadas\/le-antiche-carceri-di-castiadas\/\" target=\"_blank\" rel=\"nofollow\" ><div class=\"wdt-button-text\"><span>Leer m\u00e1s<\/span><\/div><\/a><\/div><\/div><\/div><\/div><div class=\"swiper-slide\"><div class=\"wdt-content-item\"><div class=\"wdt-content-media-group\"><div class=\"wdt-content-image-wrapper \"><div class=\"wdt-content-image\"><a href=\"https:\/\/castiadasturismo.com\/scopri-castiadas\/nuraghe-sa-domu-e-sorcu\/\" target=\"_blank\" rel=\"nofollow\" ><img loading=\"lazy\" decoding=\"async\" width=\"1920\" height=\"1080\" src=\"https:\/\/castiadasturismo.com\/wp-content\/uploads\/2026\/02\/SARROCH-MONUMENTO-3-Nuraghe-Sa-Domu-e-S_Orcu.jpg\" class=\"attachment-full size-full wp-image-2359\" alt=\"\" srcset=\"https:\/\/castiadasturismo.com\/wp-content\/uploads\/2026\/02\/SARROCH-MONUMENTO-3-Nuraghe-Sa-Domu-e-S_Orcu.jpg 1920w, https:\/\/castiadasturismo.com\/wp-content\/uploads\/2026\/02\/SARROCH-MONUMENTO-3-Nuraghe-Sa-Domu-e-S_Orcu-300x169.jpg 300w, https:\/\/castiadasturismo.com\/wp-content\/uploads\/2026\/02\/SARROCH-MONUMENTO-3-Nuraghe-Sa-Domu-e-S_Orcu-1024x576.jpg 1024w, https:\/\/castiadasturismo.com\/wp-content\/uploads\/2026\/02\/SARROCH-MONUMENTO-3-Nuraghe-Sa-Domu-e-S_Orcu-768x432.jpg 768w, https:\/\/castiadasturismo.com\/wp-content\/uploads\/2026\/02\/SARROCH-MONUMENTO-3-Nuraghe-Sa-Domu-e-S_Orcu-1536x864.jpg 1536w, https:\/\/castiadasturismo.com\/wp-content\/uploads\/2026\/02\/SARROCH-MONUMENTO-3-Nuraghe-Sa-Domu-e-S_Orcu-1000x563.jpg 1000w\" sizes=\"(max-width: 1920px) 100vw, 1920px\" \/><\/a><\/div><\/div><\/div><div class=\"wdt-content-detail-group\"><div class=\"wdt-content-title-group below\"><div class=\"wdt-content-title\"><h5><a href=\"https:\/\/castiadasturismo.com\/scopri-castiadas\/nuraghe-sa-domu-e-sorcu\/\" target=\"_blank\" rel=\"nofollow\" >Nuraga Sa Domu e S\u2019Orcu<\/a><\/h5><\/div><span><\/span><\/div><div class=\"wdt-content-button wdt-button-clone\"><a href=\"https:\/\/castiadasturismo.com\/scopri-castiadas\/nuraghe-sa-domu-e-sorcu\/\" target=\"_blank\" rel=\"nofollow\" ><div class=\"wdt-button-text\"><span>Leer m\u00e1s<\/span><\/div><\/a><\/div><\/div><\/div><\/div><div class=\"swiper-slide\"><div class=\"wdt-content-item\"><div class=\"wdt-content-media-group\"><div class=\"wdt-content-image-wrapper \"><div class=\"wdt-content-image\"><a href=\"https:\/\/castiadasturismo.com\/es\/descubra-castiadas\/el-observatorio-astronomico\/\" target=\"_blank\" rel=\"nofollow\" ><img loading=\"lazy\" decoding=\"async\" width=\"620\" height=\"350\" src=\"https:\/\/castiadasturismo.com\/wp-content\/uploads\/2026\/02\/resized_IMG_4703-copia-620x350-1.jpg\" class=\"attachment-full size-full wp-image-2367\" alt=\"\" srcset=\"https:\/\/castiadasturismo.com\/wp-content\/uploads\/2026\/02\/resized_IMG_4703-copia-620x350-1.jpg 620w, https:\/\/castiadasturismo.com\/wp-content\/uploads\/2026\/02\/resized_IMG_4703-copia-620x350-1-300x169.jpg 300w\" sizes=\"(max-width: 620px) 100vw, 620px\" \/><\/a><\/div><\/div><\/div><div class=\"wdt-content-detail-group\"><div class=\"wdt-content-title-group below\"><div class=\"wdt-content-title\"><h5><a href=\"https:\/\/castiadasturismo.com\/es\/descubra-castiadas\/el-observatorio-astronomico\/\" target=\"_blank\" rel=\"nofollow\" >El Observatorio Astron\u00f3mico<\/a><\/h5><\/div><span><\/span><\/div><div class=\"wdt-content-button wdt-button-clone\"><a href=\"https:\/\/castiadasturismo.com\/es\/descubra-castiadas\/el-observatorio-astronomico\/\" target=\"_blank\" rel=\"nofollow\" ><div class=\"wdt-button-text\"><span>Leer m\u00e1s<\/span><\/div><\/a><\/div><\/div><\/div><\/div><div class=\"swiper-slide\"><div class=\"wdt-content-item\"><div class=\"wdt-content-media-group\"><div class=\"wdt-content-image-wrapper \"><div class=\"wdt-content-image\"><a href=\"https:\/\/castiadasturismo.com\/es\/descubra-castiadas\/agricultura-y-ganaderia\/\" target=\"_blank\" rel=\"nofollow\" ><img loading=\"lazy\" decoding=\"async\" width=\"1017\" height=\"616\" src=\"https:\/\/castiadasturismo.com\/wp-content\/uploads\/2026\/02\/Immagine-2026-02-02-123101.png\" class=\"attachment-full size-full wp-image-2381\" alt=\"\" srcset=\"https:\/\/castiadasturismo.com\/wp-content\/uploads\/2026\/02\/Immagine-2026-02-02-123101.png 1017w, https:\/\/castiadasturismo.com\/wp-content\/uploads\/2026\/02\/Immagine-2026-02-02-123101-300x182.png 300w, https:\/\/castiadasturismo.com\/wp-content\/uploads\/2026\/02\/Immagine-2026-02-02-123101-768x465.png 768w, https:\/\/castiadasturismo.com\/wp-content\/uploads\/2026\/02\/Immagine-2026-02-02-123101-1000x606.png 1000w\" sizes=\"(max-width: 1017px) 100vw, 1017px\" \/><\/a><\/div><\/div><\/div><div class=\"wdt-content-detail-group\"><div class=\"wdt-content-title-group below\"><div class=\"wdt-content-title\"><h5><a href=\"https:\/\/castiadasturismo.com\/es\/descubra-castiadas\/agricultura-y-ganaderia\/\" target=\"_blank\" rel=\"nofollow\" >Agricultura y ganader\u00eda<\/a><\/h5><\/div><span><\/span><\/div><div class=\"wdt-content-button wdt-button-clone\"><a href=\"https:\/\/castiadasturismo.com\/es\/descubra-castiadas\/agricultura-y-ganaderia\/\" target=\"_blank\" rel=\"nofollow\" ><div class=\"wdt-button-text\"><span>Leer m\u00e1s<\/span><\/div><\/a><\/div><\/div><\/div><\/div><\/div><\/div><div class=\"wdt-carousel-pagination-wrapper\"><div class=\"wdt-swiper-pagination wdt-swiper-pagination-bc7c812\"><\/div><div class=\"wdt-carousel-arrow-pagination\"><div class=\"wdt-arrow-pagination-prev wdt-arrow-pagination-prev-bc7c812\"><svg aria-hidden=\"true\" class=\"e-font-icon-svg e-fas-arrow-left\" viewBox=\"0 0 448 512\" xmlns=\"http:\/\/www.w3.org\/2000\/svg\"><path d=\"M257.5 445.1l-22.2 22.2c-9.4 9.4-24.6 9.4-33.9 0L7 273c-9.4-9.4-9.4-24.6 0-33.9L201.4 44.7c9.4-9.4 24.6-9.4 33.9 0l22.2 22.2c9.5 9.5 9.3 25-.4 34.3L136.6 216H424c13.3 0 24 10.7 24 24v32c0 13.3-10.7 24-24 24H136.6l120.5 114.8c9.8 9.3 10 24.8.4 34.3z\"><\/path><\/svg><\/div><div class=\"wdt-arrow-pagination-next wdt-arrow-pagination-next-bc7c812\"><svg aria-hidden=\"true\" class=\"e-font-icon-svg e-fas-arrow-right\" viewBox=\"0 0 448 512\" xmlns=\"http:\/\/www.w3.org\/2000\/svg\"><path d=\"M190.5 66.9l22.2-22.2c9.4-9.4 24.6-9.4 33.9 0L441 239c9.4 9.4 9.4 24.6 0 33.9L246.6 467.3c-9.4 9.4-24.6 9.4-33.9 0l-22.2-22.2c-9.5-9.5-9.3-25 .4-34.3L311.4 296H24c-13.3 0-24-10.7-24-24v-32c0-13.3 10.7-24 24-24h287.4L190.9 101.2c-9.8-9.3-10-24.8-.4-34.3z\"><\/path><\/svg><\/div><\/div><\/div><\/div>\t\t\t\t<\/div>\n\t\t\t\t<\/div>\n\t\t\t\t\t<\/div>\n\t\t\t\t<\/div>\n\t\t\t\t<\/div>\n\t\t","protected":false},"excerpt":{"rendered":"<p>El territorio de Castiadas conserva huellas antiqu\u00edsimas de la presencia humana. En diversas \u00e1reas se se\u00f1alan restos de asentamientos prehist\u00f3ricos vinculados al mundo prenur\u00e1gico y nur\u00e1gico: son testimonios a menudo discretos, fragmentos de piedra y muros apenas emergentes, que el tiempo y la vegetaci\u00f3n han \u201creabsorbido\u201d en parte en el paisaje. Precisamente esta dimensi\u00f3n oculta, [&hellip;]<\/p>\n","protected":false},"author":1,"featured_media":3205,"parent":0,"menu_order":0,"comment_status":"closed","ping_status":"closed","template":"","meta":{"footnotes":""},"class_list":["post-3218","page","type-page","status-publish","has-post-thumbnail","hentry"],"_links":{"self":[{"href":"https:\/\/castiadasturismo.com\/es\/wp-json\/wp\/v2\/pages\/3218","targetHints":{"allow":["GET"]}}],"collection":[{"href":"https:\/\/castiadasturismo.com\/es\/wp-json\/wp\/v2\/pages"}],"about":[{"href":"https:\/\/castiadasturismo.com\/es\/wp-json\/wp\/v2\/types\/page"}],"author":[{"embeddable":true,"href":"https:\/\/castiadasturismo.com\/es\/wp-json\/wp\/v2\/users\/1"}],"replies":[{"embeddable":true,"href":"https:\/\/castiadasturismo.com\/es\/wp-json\/wp\/v2\/comments?post=3218"}],"version-history":[{"count":1,"href":"https:\/\/castiadasturismo.com\/es\/wp-json\/wp\/v2\/pages\/3218\/revisions"}],"predecessor-version":[{"id":3223,"href":"https:\/\/castiadasturismo.com\/es\/wp-json\/wp\/v2\/pages\/3218\/revisions\/3223"}],"wp:featuredmedia":[{"embeddable":true,"href":"https:\/\/castiadasturismo.com\/es\/wp-json\/wp\/v2\/media\/3205"}],"wp:attachment":[{"href":"https:\/\/castiadasturismo.com\/es\/wp-json\/wp\/v2\/media?parent=3218"}],"curies":[{"name":"wp","href":"https:\/\/api.w.org\/{rel}","templated":true}]}}